{"id":888,"date":"2023-11-08T19:50:53","date_gmt":"2023-11-08T19:50:53","guid":{"rendered":"https:\/\/tvallstream.com\/?page_id=888"},"modified":"2024-04-26T15:53:26","modified_gmt":"2024-04-26T15:53:26","slug":"privacy-policy","status":"publish","type":"page","link":"https:\/\/tvallstream.com\/es\/privacy-policy\/","title":{"rendered":"privacy policy"},"content":{"rendered":"<div data-elementor-type=\"wp-page\" data-elementor-id=\"888\" class=\"elementor elementor-888\" data-elementor-post-type=\"page\">\n\t\t\t\t\t\t<section class=\"elementor-section elementor-top-section elementor-element elementor-element-45b8ce9 elementor-section-boxed elementor-section-height-default elementor-section-height-default\" data-id=\"45b8ce9\" data-element_type=\"section\" data-settings=\"{&quot;jet_parallax_layout_list&quot;:[{&quot;jet_parallax_layout_image&quot;:{&quot;url&quot;:&quot;&quot;,&quot;id&quot;:&quot;&quot;,&quot;size&quot;:&quot;&quot;},&quot;_id&quot;:&quot;80d26d3&quot;,&quot;jet_parallax_layout_speed&quot;:{&quot;unit&quot;:&quot;%&quot;,&quot;size&quot;:&quot;50&quot;,&quot;sizes&quot;:[]},&quot;jet_parallax_layout_bg_x&quot;:&quot;50&quot;,&quot;jet_parallax_layout_bg_y&quot;:&quot;50&quot;,&quot;jet_parallax_layout_image_tablet&quot;:{&quot;url&quot;:&quot;&quot;,&quot;id&quot;:&quot;&quot;,&quot;size&quot;:&quot;&quot;},&quot;jet_parallax_layout_image_mobile&quot;:{&quot;url&quot;:&quot;&quot;,&quot;id&quot;:&quot;&quot;,&quot;size&quot;:&quot;&quot;},&quot;jet_parallax_layout_type&quot;:&quot;scroll&quot;,&quot;jet_parallax_layout_direction&quot;:null,&quot;jet_parallax_layout_fx_direction&quot;:null,&quot;jet_parallax_layout_z_index&quot;:&quot;&quot;,&quot;jet_parallax_layout_bg_x_tablet&quot;:&quot;&quot;,&quot;jet_parallax_layout_bg_x_mobile&quot;:&quot;&quot;,&quot;jet_parallax_layout_bg_y_tablet&quot;:&quot;&quot;,&quot;jet_parallax_layout_bg_y_mobile&quot;:&quot;&quot;,&quot;jet_parallax_layout_bg_size&quot;:&quot;auto&quot;,&quot;jet_parallax_layout_bg_size_tablet&quot;:&quot;&quot;,&quot;jet_parallax_layout_bg_size_mobile&quot;:&quot;&quot;,&quot;jet_parallax_layout_animation_prop&quot;:&quot;transform&quot;,&quot;jet_parallax_layout_on&quot;:[&quot;desktop&quot;,&quot;tablet&quot;]}],&quot;background_background&quot;:&quot;classic&quot;}\">\n\t\t\t\t\t\t\t<div class=\"elementor-background-overlay\"><\/div>\n\t\t\t\t\t\t\t<div class=\"elementor-container elementor-column-gap-no\">\n\t\t\t\t\t<div class=\"elementor-column elementor-col-100 elementor-top-column elementor-element elementor-element-97a23dd\" data-id=\"97a23dd\" data-element_type=\"column\">\n\t\t\t<div class=\"elementor-widget-wrap elementor-element-populated\">\n\t\t\t\t\t\t<div class=\"elementor-element elementor-element-3facddd elementor-widget elementor-widget-heading\" data-id=\"3facddd\" data-element_type=\"widget\" data-widget_type=\"heading.default\">\n\t\t\t\t<div class=\"elementor-widget-container\">\n\t\t\t\t\t<h1 class=\"elementor-heading-title elementor-size-default\">pol\u00edtica de privacidad<\/h1>\t\t\t\t<\/div>\n\t\t\t\t<\/div>\n\t\t\t\t\t<\/div>\n\t\t<\/div>\n\t\t\t\t\t<\/div>\n\t\t<\/section>\n\t\t<div class=\"elementor-element elementor-element-1932ba6 e-flex e-con-boxed e-con e-parent\" data-id=\"1932ba6\" data-element_type=\"container\" data-settings=\"{&quot;background_background&quot;:&quot;classic&quot;,&quot;jet_parallax_layout_list&quot;:[]}\">\n\t\t\t\t\t<div class=\"e-con-inner\">\n\t\t\t\t<div class=\"elementor-element elementor-element-e2b0658 elementor-widget elementor-widget-text-editor\" data-id=\"e2b0658\" data-element_type=\"widget\" data-widget_type=\"text-editor.default\">\n\t\t\t\t<div class=\"elementor-widget-container\">\n\t\t\t\t\t\t\t\t\t<p>At tvallstream, accessible from tvallstream, the privacy of our visitors is a top priority. This Privacy Policy explains the types of information collected and recorded by tvallstream and how we use it.<\/p><p>Si tiene preguntas adicionales o necesita m\u00e1s informaci\u00f3n sobre nuestra Pol\u00edtica de Privacidad, no dude en contactarnos.<\/p><p>This Privacy Policy applies only to our online activities and is valid for visitors to our website concerning the information shared and\/or collected on tvallstream. It does not apply to information collected offline or through channels other than this website.<\/p><p><strong>Consentir<\/strong><\/p><p>Al utilizar nuestro sitio web, usted acepta nuestra Pol\u00edtica de privacidad y acepta sus t\u00e9rminos.<\/p><p><strong>Informaci\u00f3n que recopilamos<\/strong><\/p><p>La informaci\u00f3n personal que se le solicita que proporcione y los motivos para proporcionarla quedar\u00e1n claros en el momento de su recopilaci\u00f3n. Si se comunica con nosotros directamente, podemos recibir informaci\u00f3n adicional como su nombre, direcci\u00f3n de correo electr\u00f3nico, n\u00famero de tel\u00e9fono, contenido del mensaje y cualquier otra informaci\u00f3n que elija proporcionar.<\/p><p>Cuando se registra para obtener una Cuenta, podemos solicitarle su informaci\u00f3n de contacto, incluidos elementos como nombre, nombre de la empresa, direcci\u00f3n, direcci\u00f3n de correo electr\u00f3nico y n\u00famero de tel\u00e9fono.<\/p><p><strong>C\u00f3mo utilizamos su informaci\u00f3n<\/strong><\/p><p>Utilizamos la informaci\u00f3n recopilada para:<\/p><ul><li>Proporcionar, operar y mantener nuestro sitio web.<\/li><li>Mejorar, personalizar y ampliar nuestro sitio web<\/li><li>Comprender y analizar c\u00f3mo utiliza nuestro sitio web<\/li><li>Desarrollar nuevos productos, servicios, caracter\u00edsticas y funcionalidades.<\/li><li>Comunicarnos con usted para fines de servicio al cliente, actualizaciones y marketing.<\/li><li>Enviarte correos electr\u00f3nicos<\/li><li>Encuentre y prevenga el fraude<\/li><\/ul><p><strong>Archivos de registro<\/strong><\/p><p>tvallstream follows the standard procedure of using log files. These files log visitors when they visit websites, collecting information such as IP addresses, browser type, ISP, date and time stamp, referring\/exit pages, and possibly the number of clicks. This information is for analyzing trends, administering the site, tracking user movement, and gathering demographic information. It is not linked to personally identifiable information.<\/p><p><strong>Cookies y balizas web<\/strong><\/p><p>tvallstream uses &#8216;cookies&#8217; to store information, including visitors&#8217; preferences and pages visited. This information optimizes the user experience by customizing webpage content based on visitors&#8217; browser type and other information.<\/p><p><strong>Cookie DART de doble clic de Google<\/strong><\/p><p>Google, a third-party vendor on our site, uses DART cookies to serve ads to visitors based on their visit to tvallstream\u00a0 and other sites on the internet. Visitors may decline the use of DART cookies by visiting Google&#8217;s ad and content network Privacy Policy at <a href=\"https:\/\/policies.google.com\/technologies\/ads\" target=\"_new\">https:\/\/policies.google.com\/technologies\/ads<\/a>.<\/p><p><strong>Pol\u00edticas de privacidad de los socios publicitarios<\/strong><\/p><p>Consult the Privacy Policy of each advertising partner of tvallstream\u00a0 for details. Third-party ad servers may use technologies like cookies, JavaScript, or Web Beacons to measure ad campaign effectiveness and personalize advertising content.<\/p><p><strong>Pol\u00edticas de privacidad de terceros<\/strong><\/p><p>tvallstream&#8217;s Privacy Policy does not apply to other advertisers or websites. Consult the respective Privacy Policies of third-party ad servers for more detailed information and opt-out instructions.<\/p><p><strong>Derechos de privacidad CCPA (no vender mi informaci\u00f3n personal)<\/strong><\/p><p>Los consumidores de California tienen derecho a solicitar la divulgaci\u00f3n, eliminaci\u00f3n y no venta de datos personales. Cont\u00e1ctenos para ejercer estos derechos.<\/p><p><strong>Derechos de protecci\u00f3n de datos RGPD<\/strong><\/p><p>Todo usuario tiene derecho a acceder, rectificar, suprimir, restringir el procesamiento y oponerse al procesamiento de sus datos personales seg\u00fan el RGPD.<\/p><p>Esta Pol\u00edtica de Privacidad se actualiz\u00f3 por \u00faltima vez el 08\/01\/2023\u201d.<\/p>\t\t\t\t\t\t\t\t<\/div>\n\t\t\t\t<\/div>\n\t\t\t\t\t<\/div>\n\t\t\t\t<\/div>\n\t\t\t\t<\/div>","protected":false},"excerpt":{"rendered":"<p>Privacy Policy At tvallstream, accessible from tvallstream, the privacy of our visitors is a top priority. This Privacy Policy explains the types of information collected and recorded by tvallstream and how we use it. If you have additional questions or need more information about our Privacy Policy, feel free to contact us. This Privacy Policy [&hellip;]<\/p>","protected":false},"author":1,"featured_media":0,"parent":0,"menu_order":0,"comment_status":"closed","ping_status":"closed","template":"full-width.php","meta":{"_acf_changed":false,"tpgb_global_settings":"","_monsterinsights_skip_tracking":false,"_monsterinsights_sitenote_active":false,"_monsterinsights_sitenote_note":"","_monsterinsights_sitenote_category":0,"footnotes":""},"class_list":["post-888","page","type-page","status-publish","hentry"],"acf":[],"tpgb_featured_images":null,"tpgb_post_meta_info":{"get_date":"noviembre 8, 2023","get_modified_date":"abril 26, 2024","author_name":"Tvallstream","author_url":"https:\/\/tvallstream.com\/es\/author\/tvallstream\/","author_email":"abiliorr@gmail.com","author_website":"https:\/\/tvallstream.com","author_description":"","author_facebook":"","author_twitter":"","author_instagram":"","author_role":["administrator"],"author_firstname":"Abilio","author_lastname":"Rodrigues","user_login":"Tvallstream","author_avatar":"<img alt='' src='https:\/\/secure.gravatar.com\/avatar\/ecf75c74843533305a9d0d110a89571604f84d9c41b89fd413d260fabdd74aef?s=200&#038;d=mm&#038;r=g' srcset='https:\/\/secure.gravatar.com\/avatar\/ecf75c74843533305a9d0d110a89571604f84d9c41b89fd413d260fabdd74aef?s=400&#038;d=mm&#038;r=g 2x' class='avatar avatar-200 photo' height='200' width='200' decoding='async'\/>","author_avatar_url":"https:\/\/secure.gravatar.com\/avatar\/ecf75c74843533305a9d0d110a89571604f84d9c41b89fd413d260fabdd74aef?s=96&d=mm&r=g","comment_count":0,"post_likes":0,"post_views":0},"tpgb_post_category":[],"_links":{"self":[{"href":"https:\/\/tvallstream.com\/es\/wp-json\/wp\/v2\/pages\/888","targetHints":{"allow":["GET"]}}],"collection":[{"href":"https:\/\/tvallstream.com\/es\/wp-json\/wp\/v2\/pages"}],"about":[{"href":"https:\/\/tvallstream.com\/es\/wp-json\/wp\/v2\/types\/page"}],"author":[{"embeddable":true,"href":"https:\/\/tvallstream.com\/es\/wp-json\/wp\/v2\/users\/1"}],"replies":[{"embeddable":true,"href":"https:\/\/tvallstream.com\/es\/wp-json\/wp\/v2\/comments?post=888"}],"version-history":[{"count":22,"href":"https:\/\/tvallstream.com\/es\/wp-json\/wp\/v2\/pages\/888\/revisions"}],"predecessor-version":[{"id":2305,"href":"https:\/\/tvallstream.com\/es\/wp-json\/wp\/v2\/pages\/888\/revisions\/2305"}],"wp:attachment":[{"href":"https:\/\/tvallstream.com\/es\/wp-json\/wp\/v2\/media?parent=888"}],"curies":[{"name":"wp","href":"https:\/\/api.w.org\/{rel}","templated":true}]}}