{"id":887,"date":"2023-11-08T19:15:07","date_gmt":"2023-11-08T19:15:07","guid":{"rendered":"https:\/\/tvallstream.com\/?page_id=887"},"modified":"2024-04-26T15:51:47","modified_gmt":"2024-04-26T15:51:47","slug":"refund-and-return-policy","status":"publish","type":"page","link":"https:\/\/tvallstream.com\/fr\/refund-and-return-policy\/","title":{"rendered":"refund and return policy"},"content":{"rendered":"<div data-elementor-type=\"wp-page\" data-elementor-id=\"887\" class=\"elementor elementor-887\" data-elementor-post-type=\"page\">\n\t\t\t\t\t\t<section class=\"elementor-section elementor-top-section elementor-element elementor-element-45b8ce9 elementor-section-boxed elementor-section-height-default elementor-section-height-default\" data-id=\"45b8ce9\" data-element_type=\"section\" data-settings=\"{&quot;jet_parallax_layout_list&quot;:[{&quot;jet_parallax_layout_image&quot;:{&quot;url&quot;:&quot;&quot;,&quot;id&quot;:&quot;&quot;,&quot;size&quot;:&quot;&quot;},&quot;_id&quot;:&quot;80d26d3&quot;,&quot;jet_parallax_layout_speed&quot;:{&quot;unit&quot;:&quot;%&quot;,&quot;size&quot;:&quot;50&quot;,&quot;sizes&quot;:[]},&quot;jet_parallax_layout_bg_x&quot;:&quot;50&quot;,&quot;jet_parallax_layout_bg_y&quot;:&quot;50&quot;,&quot;jet_parallax_layout_image_tablet&quot;:{&quot;url&quot;:&quot;&quot;,&quot;id&quot;:&quot;&quot;,&quot;size&quot;:&quot;&quot;},&quot;jet_parallax_layout_image_mobile&quot;:{&quot;url&quot;:&quot;&quot;,&quot;id&quot;:&quot;&quot;,&quot;size&quot;:&quot;&quot;},&quot;jet_parallax_layout_type&quot;:&quot;scroll&quot;,&quot;jet_parallax_layout_direction&quot;:null,&quot;jet_parallax_layout_fx_direction&quot;:null,&quot;jet_parallax_layout_z_index&quot;:&quot;&quot;,&quot;jet_parallax_layout_bg_x_tablet&quot;:&quot;&quot;,&quot;jet_parallax_layout_bg_x_mobile&quot;:&quot;&quot;,&quot;jet_parallax_layout_bg_y_tablet&quot;:&quot;&quot;,&quot;jet_parallax_layout_bg_y_mobile&quot;:&quot;&quot;,&quot;jet_parallax_layout_bg_size&quot;:&quot;auto&quot;,&quot;jet_parallax_layout_bg_size_tablet&quot;:&quot;&quot;,&quot;jet_parallax_layout_bg_size_mobile&quot;:&quot;&quot;,&quot;jet_parallax_layout_animation_prop&quot;:&quot;transform&quot;,&quot;jet_parallax_layout_on&quot;:[&quot;desktop&quot;,&quot;tablet&quot;]}],&quot;background_background&quot;:&quot;classic&quot;}\">\n\t\t\t\t\t\t\t<div class=\"elementor-background-overlay\"><\/div>\n\t\t\t\t\t\t\t<div class=\"elementor-container elementor-column-gap-no\">\n\t\t\t\t\t<div class=\"elementor-column elementor-col-100 elementor-top-column elementor-element elementor-element-97a23dd\" data-id=\"97a23dd\" data-element_type=\"column\">\n\t\t\t<div class=\"elementor-widget-wrap elementor-element-populated\">\n\t\t\t\t\t\t<div class=\"elementor-element elementor-element-3facddd elementor-widget elementor-widget-heading\" data-id=\"3facddd\" data-element_type=\"widget\" data-widget_type=\"heading.default\">\n\t\t\t\t<div class=\"elementor-widget-container\">\n\t\t\t\t\t<h1 class=\"elementor-heading-title elementor-size-default\">Politique de remboursement et de retour <\/h1>\t\t\t\t<\/div>\n\t\t\t\t<\/div>\n\t\t\t\t\t<\/div>\n\t\t<\/div>\n\t\t\t\t\t<\/div>\n\t\t<\/section>\n\t\t<div class=\"elementor-element elementor-element-fa8ff12 e-flex e-con-boxed e-con e-parent\" data-id=\"fa8ff12\" data-element_type=\"container\" data-settings=\"{&quot;background_background&quot;:&quot;classic&quot;,&quot;jet_parallax_layout_list&quot;:[]}\">\n\t\t\t\t\t<div class=\"e-con-inner\">\n\t\t\t\t<div class=\"elementor-element elementor-element-ed857a4 elementor-widget elementor-widget-text-editor\" data-id=\"ed857a4\" data-element_type=\"widget\" data-widget_type=\"text-editor.default\">\n\t\t\t\t<div class=\"elementor-widget-container\">\n\t\t\t\t\t\t\t\t\t<p>tvallstream Refund Policy:<\/p><p>Nous proposons des remboursements dans les conditions suivantes :<\/p><ol><li><p><strong>P\u00e9riode de remboursement\u00a0:<\/strong> Les remboursements complets ne sont applicables que pour les achats effectu\u00e9s dans les premi\u00e8res 24 heures. Apr\u00e8s 24 heures, seuls les remboursements partiels seront trait\u00e9s en fonction de la p\u00e9riode d&#039;abonnement restante s&#039;il y a un probl\u00e8me de notre part qui n&#039;a pas pu \u00eatre r\u00e9solu dans les 72 heures. Notre \u00e9quipe d&#039;assistance contactera les utilisateurs dans tous les cas de remboursement.<\/p><\/li><li><p><strong>Cas non remboursables\u00a0:<\/strong> Aucun remboursement ou remboursement partiel ne sera effectu\u00e9 si\u00a0:<\/p><ul><li>Le client n&#039;a pas aim\u00e9 la gamme de cha\u00eenes.<\/li><li>Le client a trouv\u00e9 un autre service.<\/li><li>Le client refuse d&#039;appliquer les solutions propos\u00e9es en cas de probl\u00e8me.<\/li><\/ul><\/li><\/ol><p><strong>D\u00e9lai de traitement du remboursement\u00a0:<\/strong><\/p><ul><li><p>En cas de paiement par carte de cr\u00e9dit, les remboursements sont g\u00e9n\u00e9ralement trait\u00e9s dans un d\u00e9lai de 20 \u00e0 31 jours ouvrables, mais dans certains cas, cela peut prendre jusqu&#039;\u00e0 90 jours. Nous ne sommes pas responsables des d\u00e9lais et des retards de traitement des paiements, car nous sommes le fournisseur de services IPTV et non le processeur de paiement.<\/p><\/li><li><p>Les remboursements prennent g\u00e9n\u00e9ralement entre 20 et 90 jours ouvrables, et il est hors de notre contr\u00f4le d&#039;acc\u00e9l\u00e9rer cette p\u00e9riode. Nos processeurs de paiement traitent les demandes de remboursement et nous nous efforcerons de traiter les remboursements rapidement apr\u00e8s avoir examin\u00e9 la demande et v\u00e9rifi\u00e9 les informations de l&#039;utilisateur.<\/p><\/li><\/ul><p><strong>Probl\u00e8mes de cha\u00eene\u00a0:<\/strong><\/p><ul><li><p>Si certains canaux connaissent un gel, une mise en m\u00e9moire tampon ou une non-fonctionnalit\u00e9 occasionnelle, nos ing\u00e9nieurs experts travaillent en permanence pour r\u00e9soudre ces probl\u00e8mes.<\/p><\/li><li><p>Les raisons courantes des probl\u00e8mes temporaires de canal incluent\u00a0:<\/p><ul><li>Fluctuations Internet des clients.<\/li><li>Probl\u00e8mes avec la configuration box\/applications\/client.<\/li><li>Probl\u00e8mes li\u00e9s au FAI.<\/li><li>Temps d&#039;arr\u00eat temporaire du serveur.<\/li><li>Modifications initi\u00e9es par le client ou mises \u00e0 jour du serveur.<\/li><\/ul><\/li><\/ul><p><strong>Compensation pour temps d&#039;arr\u00eat prolong\u00e9\u00a0:<\/strong><\/p><ul><li>Si un utilisateur ne peut pas acc\u00e9der \u00e0 son abonnement IPTV pendant 72 heures ou plus en raison de probl\u00e8mes de serveur ou de probl\u00e8mes caus\u00e9s par nous, nous vous rembourserons int\u00e9gralement le prix du forfait ou ajouterons gratuitement le temps perdu \u00e0 l&#039;abonnement. De plus, nous pouvons offrir des bonus suppl\u00e9mentaires, sous r\u00e9serve de n\u00e9gociation.<\/li><\/ul><p>Si vous avez des questions sur notre politique de remboursement, veuillez nous contacter via WhatsApp.<\/p>\t\t\t\t\t\t\t\t<\/div>\n\t\t\t\t<\/div>\n\t\t\t\t\t<\/div>\n\t\t\t\t<\/div>\n\t\t\t\t<\/div>","protected":false},"excerpt":{"rendered":"<p>Refund And Return Policy tvallstream Refund Policy: We offer refunds under the following conditions: Refund Period: Complete refunds are only applicable for purchases made within the first 24 hours. After 24 hours, only partial refunds will be processed based on the remaining subscription period if there was an issue from our end that couldn&#8217;t be [&hellip;]<\/p>","protected":false},"author":1,"featured_media":0,"parent":0,"menu_order":0,"comment_status":"closed","ping_status":"closed","template":"full-width.php","meta":{"_acf_changed":false,"tpgb_global_settings":"","_monsterinsights_skip_tracking":false,"_monsterinsights_sitenote_active":false,"_monsterinsights_sitenote_note":"","_monsterinsights_sitenote_category":0,"footnotes":""},"class_list":["post-887","page","type-page","status-publish","hentry"],"acf":[],"tpgb_featured_images":null,"tpgb_post_meta_info":{"get_date":"novembre 8, 2023","get_modified_date":"avril 26, 2024","author_name":"Tvallstream","author_url":"https:\/\/tvallstream.com\/fr\/author\/tvallstream\/","author_email":"abiliorr@gmail.com","author_website":"https:\/\/tvallstream.com","author_description":"","author_facebook":"","author_twitter":"","author_instagram":"","author_role":["administrator"],"author_firstname":"Abilio","author_lastname":"Rodrigues","user_login":"Tvallstream","author_avatar":"<img alt='' src='https:\/\/secure.gravatar.com\/avatar\/ecf75c74843533305a9d0d110a89571604f84d9c41b89fd413d260fabdd74aef?s=200&#038;d=mm&#038;r=g' srcset='https:\/\/secure.gravatar.com\/avatar\/ecf75c74843533305a9d0d110a89571604f84d9c41b89fd413d260fabdd74aef?s=400&#038;d=mm&#038;r=g 2x' class='avatar avatar-200 photo' height='200' width='200' decoding='async'\/>","author_avatar_url":"https:\/\/secure.gravatar.com\/avatar\/ecf75c74843533305a9d0d110a89571604f84d9c41b89fd413d260fabdd74aef?s=96&d=mm&r=g","comment_count":0,"post_likes":0,"post_views":0},"tpgb_post_category":[],"_links":{"self":[{"href":"https:\/\/tvallstream.com\/fr\/wp-json\/wp\/v2\/pages\/887","targetHints":{"allow":["GET"]}}],"collection":[{"href":"https:\/\/tvallstream.com\/fr\/wp-json\/wp\/v2\/pages"}],"about":[{"href":"https:\/\/tvallstream.com\/fr\/wp-json\/wp\/v2\/types\/page"}],"author":[{"embeddable":true,"href":"https:\/\/tvallstream.com\/fr\/wp-json\/wp\/v2\/users\/1"}],"replies":[{"embeddable":true,"href":"https:\/\/tvallstream.com\/fr\/wp-json\/wp\/v2\/comments?post=887"}],"version-history":[{"count":34,"href":"https:\/\/tvallstream.com\/fr\/wp-json\/wp\/v2\/pages\/887\/revisions"}],"predecessor-version":[{"id":2302,"href":"https:\/\/tvallstream.com\/fr\/wp-json\/wp\/v2\/pages\/887\/revisions\/2302"}],"wp:attachment":[{"href":"https:\/\/tvallstream.com\/fr\/wp-json\/wp\/v2\/media?parent=887"}],"curies":[{"name":"wp","href":"https:\/\/api.w.org\/{rel}","templated":true}]}}