{"id":889,"date":"2023-11-08T19:15:03","date_gmt":"2023-11-08T19:15:03","guid":{"rendered":"https:\/\/tvallstream.com\/?page_id=889"},"modified":"2024-04-26T15:51:23","modified_gmt":"2024-04-26T15:51:23","slug":"terms-of-service","status":"publish","type":"page","link":"https:\/\/tvallstream.com\/fr\/terms-of-service\/","title":{"rendered":"conditions d&#039;utilisation"},"content":{"rendered":"<div data-elementor-type=\"wp-page\" data-elementor-id=\"889\" class=\"elementor elementor-889\" data-elementor-post-type=\"page\">\n\t\t\t\t\t\t<section class=\"elementor-section elementor-top-section elementor-element elementor-element-45b8ce9 elementor-section-boxed elementor-section-height-default elementor-section-height-default\" data-id=\"45b8ce9\" data-element_type=\"section\" data-settings=\"{&quot;jet_parallax_layout_list&quot;:[{&quot;jet_parallax_layout_image&quot;:{&quot;url&quot;:&quot;&quot;,&quot;id&quot;:&quot;&quot;,&quot;size&quot;:&quot;&quot;},&quot;_id&quot;:&quot;80d26d3&quot;,&quot;jet_parallax_layout_speed&quot;:{&quot;unit&quot;:&quot;%&quot;,&quot;size&quot;:&quot;50&quot;,&quot;sizes&quot;:[]},&quot;jet_parallax_layout_bg_x&quot;:&quot;50&quot;,&quot;jet_parallax_layout_bg_y&quot;:&quot;50&quot;,&quot;jet_parallax_layout_image_tablet&quot;:{&quot;url&quot;:&quot;&quot;,&quot;id&quot;:&quot;&quot;,&quot;size&quot;:&quot;&quot;},&quot;jet_parallax_layout_image_mobile&quot;:{&quot;url&quot;:&quot;&quot;,&quot;id&quot;:&quot;&quot;,&quot;size&quot;:&quot;&quot;},&quot;jet_parallax_layout_type&quot;:&quot;scroll&quot;,&quot;jet_parallax_layout_direction&quot;:null,&quot;jet_parallax_layout_fx_direction&quot;:null,&quot;jet_parallax_layout_z_index&quot;:&quot;&quot;,&quot;jet_parallax_layout_bg_x_tablet&quot;:&quot;&quot;,&quot;jet_parallax_layout_bg_x_mobile&quot;:&quot;&quot;,&quot;jet_parallax_layout_bg_y_tablet&quot;:&quot;&quot;,&quot;jet_parallax_layout_bg_y_mobile&quot;:&quot;&quot;,&quot;jet_parallax_layout_bg_size&quot;:&quot;auto&quot;,&quot;jet_parallax_layout_bg_size_tablet&quot;:&quot;&quot;,&quot;jet_parallax_layout_bg_size_mobile&quot;:&quot;&quot;,&quot;jet_parallax_layout_animation_prop&quot;:&quot;transform&quot;,&quot;jet_parallax_layout_on&quot;:[&quot;desktop&quot;,&quot;tablet&quot;]}],&quot;background_background&quot;:&quot;classic&quot;}\">\n\t\t\t\t\t\t\t<div class=\"elementor-background-overlay\"><\/div>\n\t\t\t\t\t\t\t<div class=\"elementor-container elementor-column-gap-no\">\n\t\t\t\t\t<div class=\"elementor-column elementor-col-100 elementor-top-column elementor-element elementor-element-97a23dd\" data-id=\"97a23dd\" data-element_type=\"column\">\n\t\t\t<div class=\"elementor-widget-wrap elementor-element-populated\">\n\t\t\t\t\t\t<div class=\"elementor-element elementor-element-3facddd elementor-widget elementor-widget-heading\" data-id=\"3facddd\" data-element_type=\"widget\" data-widget_type=\"heading.default\">\n\t\t\t\t<div class=\"elementor-widget-container\">\n\t\t\t\t\t<h1 class=\"elementor-heading-title elementor-size-default\">Conditions d&#039;utilisation<\/h1>\t\t\t\t<\/div>\n\t\t\t\t<\/div>\n\t\t\t\t\t<\/div>\n\t\t<\/div>\n\t\t\t\t\t<\/div>\n\t\t<\/section>\n\t\t<div class=\"elementor-element elementor-element-d0edf5b e-flex e-con-boxed e-con e-parent\" data-id=\"d0edf5b\" data-element_type=\"container\" data-settings=\"{&quot;background_background&quot;:&quot;classic&quot;,&quot;jet_parallax_layout_list&quot;:[]}\">\n\t\t\t\t\t<div class=\"e-con-inner\">\n\t\t\t\t<div class=\"elementor-element elementor-element-376995a elementor-widget elementor-widget-text-editor\" data-id=\"376995a\" data-element_type=\"widget\" data-widget_type=\"text-editor.default\">\n\t\t\t\t<div class=\"elementor-widget-container\">\n\t\t\t\t\t\t\t\t\t<p>Derni\u00e8re mise \u00e0 jour : 01\/08\/2023<\/p><p>Termes et conditions<\/p><p>Welcome to tvallstream!<\/p><p>By using tvallstream, you agree to the following terms:<\/p><ol><li><p><strong>Biscuits:<\/strong> Nous utilisons des cookies conform\u00e9ment \u00e0 notre politique de confidentialit\u00e9.<\/p><\/li><li><p><strong>Licence:<\/strong> The content on tvallstream is owned by us. You can&#8217;t republish, sell, or reproduce it without permission.<\/p><\/li><li><p><strong>Commentaires des utilisateurs\u00a0:<\/strong> Nous ne filtrons pas les commentaires des utilisateurs mais nous r\u00e9servons le droit de supprimer tout contenu inappropri\u00e9 ou offensant. Vous nous accordez une licence pour utiliser vos commentaires.<\/p><\/li><li><p><strong>Liens hypertextes\u00a0:<\/strong> Certaines organisations peuvent cr\u00e9er des liens vers notre site Web, mais pas de mani\u00e8re trompeuse ou inappropri\u00e9e. Nous pouvons demander la suppression des liens.<\/p><\/li><li><p><strong>iFrames\u00a0:<\/strong> Vous ne pouvez pas cr\u00e9er de cadres autour de nos pages Web sans autorisation.<\/p><\/li><li><p><strong>Responsabilit\u00e9 du contenu\u00a0:<\/strong> Nous ne sommes pas responsables du contenu des sites Web externes li\u00e9s au n\u00f4tre.<\/p><\/li><li><p><strong>Confidentialit\u00e9:<\/strong> Reportez-vous \u00e0 notre politique de confidentialit\u00e9 pour plus de d\u00e9tails.<\/p><\/li><li><p><strong>R\u00e9serve de droits\u00a0:<\/strong> Nous pouvons demander la suppression des liens et modifier ces conditions \u00e0 tout moment.<\/p><\/li><\/ol><p>If you disagree with any of these terms, please refrain from using tvallstream.&#8221;<\/p>\t\t\t\t\t\t\t\t<\/div>\n\t\t\t\t<\/div>\n\t\t\t\t\t<\/div>\n\t\t\t\t<\/div>\n\t\t\t\t<\/div>","protected":false},"excerpt":{"rendered":"<p>Terms Of Service Last Updated: 01\/08\/2023 Terms and Conditions Welcome to tvallstream! By using tvallstream, you agree to the following terms: Cookies: We use cookies in line with our Privacy Policy. License: The content on tvallstream is owned by us. You can&#8217;t republish, sell, or reproduce it without permission. User Comments: We don&#8217;t filter user [&hellip;]<\/p>","protected":false},"author":1,"featured_media":0,"parent":0,"menu_order":0,"comment_status":"closed","ping_status":"closed","template":"full-width.php","meta":{"_acf_changed":false,"tpgb_global_settings":"","_monsterinsights_skip_tracking":false,"_monsterinsights_sitenote_active":false,"_monsterinsights_sitenote_note":"","_monsterinsights_sitenote_category":0,"footnotes":""},"class_list":["post-889","page","type-page","status-publish","hentry"],"acf":[],"tpgb_featured_images":null,"tpgb_post_meta_info":{"get_date":"novembre 8, 2023","get_modified_date":"avril 26, 2024","author_name":"Tvallstream","author_url":"https:\/\/tvallstream.com\/fr\/author\/tvallstream\/","author_email":"abiliorr@gmail.com","author_website":"https:\/\/tvallstream.com","author_description":"","author_facebook":"","author_twitter":"","author_instagram":"","author_role":["administrator"],"author_firstname":"Abilio","author_lastname":"Rodrigues","user_login":"Tvallstream","author_avatar":"<img alt='' src='https:\/\/secure.gravatar.com\/avatar\/ecf75c74843533305a9d0d110a89571604f84d9c41b89fd413d260fabdd74aef?s=200&#038;d=mm&#038;r=g' srcset='https:\/\/secure.gravatar.com\/avatar\/ecf75c74843533305a9d0d110a89571604f84d9c41b89fd413d260fabdd74aef?s=400&#038;d=mm&#038;r=g 2x' class='avatar avatar-200 photo' height='200' width='200' decoding='async'\/>","author_avatar_url":"https:\/\/secure.gravatar.com\/avatar\/ecf75c74843533305a9d0d110a89571604f84d9c41b89fd413d260fabdd74aef?s=96&d=mm&r=g","comment_count":0,"post_likes":0,"post_views":0},"tpgb_post_category":[],"_links":{"self":[{"href":"https:\/\/tvallstream.com\/fr\/wp-json\/wp\/v2\/pages\/889","targetHints":{"allow":["GET"]}}],"collection":[{"href":"https:\/\/tvallstream.com\/fr\/wp-json\/wp\/v2\/pages"}],"about":[{"href":"https:\/\/tvallstream.com\/fr\/wp-json\/wp\/v2\/types\/page"}],"author":[{"embeddable":true,"href":"https:\/\/tvallstream.com\/fr\/wp-json\/wp\/v2\/users\/1"}],"replies":[{"embeddable":true,"href":"https:\/\/tvallstream.com\/fr\/wp-json\/wp\/v2\/comments?post=889"}],"version-history":[{"count":20,"href":"https:\/\/tvallstream.com\/fr\/wp-json\/wp\/v2\/pages\/889\/revisions"}],"predecessor-version":[{"id":2299,"href":"https:\/\/tvallstream.com\/fr\/wp-json\/wp\/v2\/pages\/889\/revisions\/2299"}],"wp:attachment":[{"href":"https:\/\/tvallstream.com\/fr\/wp-json\/wp\/v2\/media?parent=889"}],"curies":[{"name":"wp","href":"https:\/\/api.w.org\/{rel}","templated":true}]}}