{"id":887,"date":"2023-11-08T19:15:07","date_gmt":"2023-11-08T19:15:07","guid":{"rendered":"https:\/\/tvallstream.com\/?page_id=887"},"modified":"2024-04-26T15:51:47","modified_gmt":"2024-04-26T15:51:47","slug":"refund-and-return-policy","status":"publish","type":"page","link":"https:\/\/tvallstream.com\/pt\/refund-and-return-policy\/","title":{"rendered":"refund and return policy"},"content":{"rendered":"<div data-elementor-type=\"wp-page\" data-elementor-id=\"887\" class=\"elementor elementor-887\" data-elementor-post-type=\"page\">\n\t\t\t\t\t\t<section class=\"elementor-section elementor-top-section elementor-element elementor-element-45b8ce9 elementor-section-boxed elementor-section-height-default elementor-section-height-default\" data-id=\"45b8ce9\" data-element_type=\"section\" data-settings=\"{&quot;jet_parallax_layout_list&quot;:[{&quot;jet_parallax_layout_image&quot;:{&quot;url&quot;:&quot;&quot;,&quot;id&quot;:&quot;&quot;,&quot;size&quot;:&quot;&quot;},&quot;_id&quot;:&quot;80d26d3&quot;,&quot;jet_parallax_layout_speed&quot;:{&quot;unit&quot;:&quot;%&quot;,&quot;size&quot;:&quot;50&quot;,&quot;sizes&quot;:[]},&quot;jet_parallax_layout_bg_x&quot;:&quot;50&quot;,&quot;jet_parallax_layout_bg_y&quot;:&quot;50&quot;,&quot;jet_parallax_layout_image_tablet&quot;:{&quot;url&quot;:&quot;&quot;,&quot;id&quot;:&quot;&quot;,&quot;size&quot;:&quot;&quot;},&quot;jet_parallax_layout_image_mobile&quot;:{&quot;url&quot;:&quot;&quot;,&quot;id&quot;:&quot;&quot;,&quot;size&quot;:&quot;&quot;},&quot;jet_parallax_layout_type&quot;:&quot;scroll&quot;,&quot;jet_parallax_layout_direction&quot;:null,&quot;jet_parallax_layout_fx_direction&quot;:null,&quot;jet_parallax_layout_z_index&quot;:&quot;&quot;,&quot;jet_parallax_layout_bg_x_tablet&quot;:&quot;&quot;,&quot;jet_parallax_layout_bg_x_mobile&quot;:&quot;&quot;,&quot;jet_parallax_layout_bg_y_tablet&quot;:&quot;&quot;,&quot;jet_parallax_layout_bg_y_mobile&quot;:&quot;&quot;,&quot;jet_parallax_layout_bg_size&quot;:&quot;auto&quot;,&quot;jet_parallax_layout_bg_size_tablet&quot;:&quot;&quot;,&quot;jet_parallax_layout_bg_size_mobile&quot;:&quot;&quot;,&quot;jet_parallax_layout_animation_prop&quot;:&quot;transform&quot;,&quot;jet_parallax_layout_on&quot;:[&quot;desktop&quot;,&quot;tablet&quot;]}],&quot;background_background&quot;:&quot;classic&quot;}\">\n\t\t\t\t\t\t\t<div class=\"elementor-background-overlay\"><\/div>\n\t\t\t\t\t\t\t<div class=\"elementor-container elementor-column-gap-no\">\n\t\t\t\t\t<div class=\"elementor-column elementor-col-100 elementor-top-column elementor-element elementor-element-97a23dd\" data-id=\"97a23dd\" data-element_type=\"column\">\n\t\t\t<div class=\"elementor-widget-wrap elementor-element-populated\">\n\t\t\t\t\t\t<div class=\"elementor-element elementor-element-3facddd elementor-widget elementor-widget-heading\" data-id=\"3facddd\" data-element_type=\"widget\" data-widget_type=\"heading.default\">\n\t\t\t\t<div class=\"elementor-widget-container\">\n\t\t\t\t\t<h1 class=\"elementor-heading-title elementor-size-default\">Pol\u00edtica de reembolso e devolu\u00e7\u00e3o <\/h1>\t\t\t\t<\/div>\n\t\t\t\t<\/div>\n\t\t\t\t\t<\/div>\n\t\t<\/div>\n\t\t\t\t\t<\/div>\n\t\t<\/section>\n\t\t<div class=\"elementor-element elementor-element-fa8ff12 e-flex e-con-boxed e-con e-parent\" data-id=\"fa8ff12\" data-element_type=\"container\" data-settings=\"{&quot;background_background&quot;:&quot;classic&quot;,&quot;jet_parallax_layout_list&quot;:[]}\">\n\t\t\t\t\t<div class=\"e-con-inner\">\n\t\t\t\t<div class=\"elementor-element elementor-element-ed857a4 elementor-widget elementor-widget-text-editor\" data-id=\"ed857a4\" data-element_type=\"widget\" data-widget_type=\"text-editor.default\">\n\t\t\t\t<div class=\"elementor-widget-container\">\n\t\t\t\t\t\t\t\t\t<p>tvallstream Refund Policy:<\/p><p>Oferecemos reembolsos nas seguintes condi\u00e7\u00f5es:<\/p><ol><li><p><strong>Per\u00edodo de reembolso:<\/strong> Os reembolsos completos s\u00f3 s\u00e3o aplic\u00e1veis para compras feitas nas primeiras 24 horas. Ap\u00f3s 24 horas, apenas reembolsos parciais ser\u00e3o processados com base no per\u00edodo restante da assinatura se houver um problema de nossa parte que n\u00e3o possa ser resolvido em 72 horas. Nossa equipe de suporte entrar\u00e1 em contato com os usu\u00e1rios em todos os casos de reembolso.<\/p><\/li><li><p><strong>Casos n\u00e3o reembols\u00e1veis:<\/strong> Reembolsos ou reembolsos parciais n\u00e3o ser\u00e3o emitidos se:<\/p><ul><li>O cliente n\u00e3o gostou da programa\u00e7\u00e3o do canal.<\/li><li>O cliente encontrou outro servi\u00e7o.<\/li><li>O cliente recusa-se a aplicar as solu\u00e7\u00f5es fornecidas para quaisquer problemas.<\/li><\/ul><\/li><\/ol><p><strong>Tempo de processamento de reembolso:<\/strong><\/p><ul><li><p>Se pagos com cart\u00e3o de cr\u00e9dito, os reembolsos normalmente s\u00e3o processados dentro de 20 a 31 dias \u00fateis, mas em alguns casos, pode levar at\u00e9 90 dias. N\u00e3o somos respons\u00e1veis pelos prazos e atrasos no processamento de pagamentos, pois somos o provedor de servi\u00e7os de IPTV e n\u00e3o o processador de pagamentos.<\/p><\/li><li><p>Os reembolsos geralmente levam de 20 a 90 dias \u00fateis e est\u00e1 al\u00e9m do nosso controle agilizar esse per\u00edodo. Nossos processadores de pagamento lidam com solicita\u00e7\u00f5es de reembolso e nos esfor\u00e7aremos para processar os reembolsos imediatamente ap\u00f3s analisar a solicita\u00e7\u00e3o e verificar as informa\u00e7\u00f5es do usu\u00e1rio.<\/p><\/li><\/ul><p><strong>Problemas do canal:<\/strong><\/p><ul><li><p>Se alguns canais apresentarem congelamento, armazenamento em buffer ou inatividade ocasional, nossos engenheiros especializados trabalhar\u00e3o continuamente para resolver esses problemas.<\/p><\/li><li><p>Os motivos comuns para problemas tempor\u00e1rios no canal incluem:<\/p><ul><li>Flutua\u00e7\u00f5es da Internet do cliente.<\/li><li>Problemas com a configura\u00e7\u00e3o da caixa\/aplicativos\/cliente.<\/li><li>Problemas relacionados ao ISP.<\/li><li>Tempo de inatividade tempor\u00e1rio do servidor.<\/li><li>Altera\u00e7\u00f5es iniciadas pelo cliente ou atualiza\u00e7\u00f5es do servidor.<\/li><\/ul><\/li><\/ul><p><strong>Compensa\u00e7\u00e3o por tempo de inatividade prolongado:<\/strong><\/p><ul><li>Se um usu\u00e1rio n\u00e3o puder acessar sua assinatura de IPTV por 72 horas ou mais devido a problemas de servidor ou causados por n\u00f3s, forneceremos um reembolso total do pre\u00e7o do pacote ou adicionaremos o tempo perdido \u00e0 assinatura gratuitamente. Adicionalmente, poderemos oferecer b\u00f4nus extras, sujeitos a negocia\u00e7\u00e3o.<\/li><\/ul><p>Se voc\u00ea tiver alguma d\u00favida sobre nossa Pol\u00edtica de Reembolso, entre em contato conosco via WhatsApp.\u201d<\/p>\t\t\t\t\t\t\t\t<\/div>\n\t\t\t\t<\/div>\n\t\t\t\t\t<\/div>\n\t\t\t\t<\/div>\n\t\t\t\t<\/div>","protected":false},"excerpt":{"rendered":"<p>Refund And Return Policy tvallstream Refund Policy: We offer refunds under the following conditions: Refund Period: Complete refunds are only applicable for purchases made within the first 24 hours. After 24 hours, only partial refunds will be processed based on the remaining subscription period if there was an issue from our end that couldn&#8217;t be [&hellip;]<\/p>","protected":false},"author":1,"featured_media":0,"parent":0,"menu_order":0,"comment_status":"closed","ping_status":"closed","template":"full-width.php","meta":{"_acf_changed":false,"tpgb_global_settings":"","_monsterinsights_skip_tracking":false,"_monsterinsights_sitenote_active":false,"_monsterinsights_sitenote_note":"","_monsterinsights_sitenote_category":0,"footnotes":""},"class_list":["post-887","page","type-page","status-publish","hentry"],"acf":[],"tpgb_featured_images":null,"tpgb_post_meta_info":{"get_date":"Novembro 8, 2023","get_modified_date":"Abril 26, 2024","author_name":"Tvallstream","author_url":"https:\/\/tvallstream.com\/pt\/author\/tvallstream\/","author_email":"abiliorr@gmail.com","author_website":"https:\/\/tvallstream.com","author_description":"","author_facebook":"","author_twitter":"","author_instagram":"","author_role":["administrator"],"author_firstname":"Abilio","author_lastname":"Rodrigues","user_login":"Tvallstream","author_avatar":"<img alt='' src='https:\/\/secure.gravatar.com\/avatar\/ecf75c74843533305a9d0d110a89571604f84d9c41b89fd413d260fabdd74aef?s=200&#038;d=mm&#038;r=g' srcset='https:\/\/secure.gravatar.com\/avatar\/ecf75c74843533305a9d0d110a89571604f84d9c41b89fd413d260fabdd74aef?s=400&#038;d=mm&#038;r=g 2x' class='avatar avatar-200 photo' height='200' width='200' decoding='async'\/>","author_avatar_url":"https:\/\/secure.gravatar.com\/avatar\/ecf75c74843533305a9d0d110a89571604f84d9c41b89fd413d260fabdd74aef?s=96&d=mm&r=g","comment_count":0,"post_likes":0,"post_views":0},"tpgb_post_category":[],"_links":{"self":[{"href":"https:\/\/tvallstream.com\/pt\/wp-json\/wp\/v2\/pages\/887","targetHints":{"allow":["GET"]}}],"collection":[{"href":"https:\/\/tvallstream.com\/pt\/wp-json\/wp\/v2\/pages"}],"about":[{"href":"https:\/\/tvallstream.com\/pt\/wp-json\/wp\/v2\/types\/page"}],"author":[{"embeddable":true,"href":"https:\/\/tvallstream.com\/pt\/wp-json\/wp\/v2\/users\/1"}],"replies":[{"embeddable":true,"href":"https:\/\/tvallstream.com\/pt\/wp-json\/wp\/v2\/comments?post=887"}],"version-history":[{"count":34,"href":"https:\/\/tvallstream.com\/pt\/wp-json\/wp\/v2\/pages\/887\/revisions"}],"predecessor-version":[{"id":2302,"href":"https:\/\/tvallstream.com\/pt\/wp-json\/wp\/v2\/pages\/887\/revisions\/2302"}],"wp:attachment":[{"href":"https:\/\/tvallstream.com\/pt\/wp-json\/wp\/v2\/media?parent=887"}],"curies":[{"name":"wp","href":"https:\/\/api.w.org\/{rel}","templated":true}]}}